{"id":69,"date":"2025-03-08T17:08:08","date_gmt":"2025-03-08T16:08:08","guid":{"rendered":"http:\/\/comm.radio-panisches-sachsen.de\/?page_id=69"},"modified":"2025-03-31T10:52:03","modified_gmt":"2025-03-31T08:52:03","slug":"chat","status":"publish","type":"page","link":"https:\/\/comm.radio-panisches-sachsen.de\/?page_id=69","title":{"rendered":"Chat"},"content":{"rendered":"<p>Hallo zusammen!\u00a0\ud83d\ude0a<\/p>\r\n<p>Wir freuen uns, euch zu unserem n\u00e4chsten Community-Chat einzuladen! Dies ist eine gro\u00dfartige Gelegenheit, um miteinander zu plaudern, Ideen auszutauschen und neue Freundschaften zu schlie\u00dfen.<br \/>Egal, ob ihr Fragen habt, eure Gedanken teilen m\u00f6chtet oder einfach nur Spa\u00df haben wollt \u2013 jeder ist herzlich willkommen! Bringt eure Ideen und gute Laune mit!<\/p>\r\n<p>Wir freuen uns auf einen tollen Austausch mit euch! Bitte seid nett zueinander.<\/p>\r\n<p>Herzliche Gr\u00fc\u00dfe,<br \/>RadioPanischesSachsen<\/p>\r\n\r\n<figure class=\"wp-block-table\">\r\n<table class=\"has-fixed-layout\">\r\n<tbody>\r\n<tr>\r\n<td style=\"text-align: center;\">\u00a0<iframe loading=\"lazy\" id=\"widget\" style=\"border: 0px;\" src=\"\/\/laut.fm\/widgets\/player_for\/r-p-s,?player%5Bstations%5D=r-p-s%2C&amp;player%5Bcolor%5D%5Bcolor%5D=white&amp;player%5Bshadow%5D=true&amp;player%5Bdisplay%5D%5Bborder%5D%5Bradius%5D=10px&amp;player%5Bcolor%5D%5Bbackground_to%5D=%230b1787&amp;player%5Bcolor%5D%5Bbackground_from%5D=%23121482&amp;player%5Bborder%5D%5Bcolor%5D=%23cccccc&amp;player%5Bborder%5D%5Bwidth%5D=0px&amp;player%5Bbutton%5D%5Bcolor%5D%5Bbackground_to%5D=%230e80eb&amp;player%5Bbutton%5D%5Bcolor%5D%5Bbackground_from%5D=%23111111&amp;player%5Bbutton%5D%5Bborder%5D%5Bcolor%5D=%23333333&amp;player%5Bbutton%5D%5Bborder%5D%5Bwidth%5D=2px\" name=\"widget\" width=\"250\" height=\"205\" scrolling=\"no\">widget<\/iframe><\/td>\r\n<td style=\"text-align: center;\"><script type=\"text\/javascript\" src=\"\/\/api.laut.fm\/js_tools\/lautfm_js_tools.0.10.0.js.min.js\" ><\/script>\r\n<div id=\"playlists\">\u00a0<\/div>\r\n<script type=\"text\/html\" id=\"playlists_template\" charset=\"utf-8\">\r\n <p>seit <%= this.current_playlist.started_at.humanTimeShort() %> Uhr<br \/>\r\n <strong><%= this.current_playlist.name %><\/strong><br \/>\r\n <%= this.current_playlist.description %><\/p>\r\n<\/script> <script type=\"text\/javascript\" charset=\"utf-8\">\r\n laut.fm.station('r-p-s')\r\n .info({container:'playlists', template:'playlists_template'}, true);\r\n <\/script><\/td>\r\n<td style=\"text-align: center;\"><script type=\"text\/javascript\" src=\"\/\/api.laut.fm\/js_tools\/lautfm_js_tools.0.10.0.js.min.js\" ><\/script>\r\n<div id=\"api_lfm_listener1\">Loading&#8230;<\/div>\r\n<script type=\"text\/html\" id=\"api_lfm_listener_template\" charset=\"utf-8\">\r\n<%= \"H&ouml;rerzahl: \" + this %>\r\n<\/script> <script type=\"text\/javascript\" charset=\"utf-8\">\r\nlaut.fm.station('r-p-s')\r\n.listeners({container:'api_lfm_listener1', template:'api_lfm_listener_template'}, true);\r\n<\/script>\u00a0<\/td>\r\n<\/tr>\r\n<\/tbody>\r\n<\/table>\r\n<\/figure>\r\n\r\n\r\n            <style type=\"text\/css\">\n                .bm-login-form{\n                    background: rgba(var(--bm-bg-color), 1);\n                    border: 1px solid rgba(var(--bm-border-color), 1);\n                    border-radius: var(--bm-border-radius);\n                    color: rgba(var(--bm-text-color), 1);\n                    font-family: var(--bm-font-family);\n                    padding: 28px 32px;\n                    margin: 20px auto;\n                    width: 100%;\n                    max-width: 420px;\n                    box-sizing: border-box;\n                    font-size: 14px;\n                    line-height: 1.5;\n                }\n\n                .bm-login-form *,\n                .bm-login-form *::before,\n                .bm-login-form *::after{\n                    box-sizing: border-box;\n                }\n\n                .bm-login-form .bm-login-text{\n                    color: rgba(var(--bm-text-color), 1);\n                    font-size: 18px;\n                    line-height: 1.3;\n                    margin: 0 0 22px;\n                    padding: 0;\n                    font-weight: 600;\n                    text-align: center;\n                }\n\n                .bm-login-form form p{\n                    margin: 0 0 14px;\n                    padding: 0;\n                }\n\n                .bm-login-form form label{\n                    display: block;\n                    width: 100%;\n                    margin: 0 0 6px;\n                    padding: 0;\n                    color: rgba(var(--bm-text-color), 0.85);\n                    font-size: 13px;\n                    font-weight: 500;\n                    line-height: 1.4;\n                }\n\n                .bm-login-form form input[type=\"text\"],\n                .bm-login-form form input[type=\"password\"],\n                .bm-login-form form input[type=\"email\"]{\n                    display: block;\n                    width: 100%;\n                    height: auto;\n                    margin: 0;\n                    padding: 9px 12px;\n                    background: rgba(var(--bm-bg-secondary), 1);\n                    border: 1px solid rgba(var(--bm-border-color), 1);\n                    border-radius: var(--bm-border-radius);\n                    color: rgba(var(--bm-text-color), 1);\n                    font-family: inherit;\n                    font-size: 14px;\n                    line-height: 1.4;\n                    outline: none;\n                    box-shadow: none;\n                    transition: border-color 0.15s ease, box-shadow 0.15s ease;\n                    -webkit-appearance: none;\n                    appearance: none;\n                }\n\n                .bm-login-form form input[type=\"text\"]:focus,\n                .bm-login-form form input[type=\"password\"]:focus,\n                .bm-login-form form input[type=\"email\"]:focus{\n                    border-color: rgba(var(--main-bm-color), 1);\n                    box-shadow: 0 0 0 3px rgba(var(--main-bm-color), 0.15);\n                }\n\n                .bm-login-form form .login-remember{\n                    margin: 4px 0 18px;\n                }\n\n                .bm-login-form form .login-remember label{\n                    display: flex;\n                    align-items: center;\n                    gap: 8px;\n                    margin: 0;\n                    font-size: 13px;\n                    color: rgba(var(--bm-text-color), 0.8);\n                    cursor: pointer;\n                }\n\n                .bm-login-form form .login-remember input[type=\"checkbox\"]{\n                    margin: 0;\n                    width: 16px;\n                    height: 16px;\n                    flex-shrink: 0;\n                    accent-color: rgba(var(--main-bm-color), 1);\n                }\n\n                .bm-login-form form .login-submit{\n                    margin: 0;\n                }\n\n                .bm-login-form form input[type=\"submit\"],\n                .bm-login-form form button[type=\"submit\"]{\n                    display: block;\n                    width: 100%;\n                    margin: 0;\n                    padding: 10px 16px;\n                    background: rgba(var(--main-bm-color), 1);\n                    border: 1px solid rgba(var(--main-bm-color), 1);\n                    border-radius: var(--bm-border-radius);\n                    color: #ffffff;\n                    font-family: inherit;\n                    font-size: 14px;\n                    font-weight: 500;\n                    line-height: 1.4;\n                    text-align: center;\n                    cursor: pointer;\n                    outline: none;\n                    box-shadow: none;\n                    text-shadow: none;\n                    transition: filter 0.15s ease, box-shadow 0.15s ease;\n                    -webkit-appearance: none;\n                    appearance: none;\n                }\n\n                .bm-login-form form input[type=\"submit\"]:hover,\n                .bm-login-form form button[type=\"submit\"]:hover{\n                    filter: brightness(1.1);\n                }\n\n                .bm-login-form form input[type=\"submit\"]:focus,\n                .bm-login-form form button[type=\"submit\"]:focus{\n                    box-shadow: 0 0 0 3px rgba(var(--main-bm-color), 0.3);\n                }\n\n                body.bm-messages-dark .bm-login-form form input[type=\"text\"],\n                body.bm-messages-dark .bm-login-form form input[type=\"password\"],\n                body.bm-messages-dark .bm-login-form form input[type=\"email\"]{\n                    background: rgba(var(--bm-bg-color), 1);\n                    border-color: rgba(var(--bm-border-color), 0.5);\n                }\n\n                body.bm-messages-dark .bm-login-form form input[type=\"text\"]:focus,\n                body.bm-messages-dark .bm-login-form form input[type=\"password\"]:focus,\n                body.bm-messages-dark .bm-login-form form input[type=\"email\"]:focus{\n                    border-color: rgba(var(--bm-border-color), 1);\n                    box-shadow: 0 0 0 3px rgba(var(--bm-border-color), 0.4);\n                }\n\n                body.bm-messages-dark .bm-login-form form input[type=\"submit\"],\n                body.bm-messages-dark .bm-login-form form button[type=\"submit\"]{\n                    background: rgba(var(--bm-bg-secondary), 1);\n                    border: 1px solid rgba(var(--bm-border-color), 0.5);\n                    color: rgba(var(--bm-text-color), 1);\n                }\n\n                body.bm-messages-dark .bm-login-form form input[type=\"submit\"]:focus,\n                body.bm-messages-dark .bm-login-form form button[type=\"submit\"]:focus{\n                    box-shadow: 0 0 0 3px rgba(var(--bm-border-color), 0.5);\n                }\n            <\/style>\n            <div class=\"bm-login-form\">\n                <p class=\"bm-login-text\">Anmeldung erforderlich<\/p><form name=\"bm-login-form\" id=\"bm-login-form\" action=\"https:\/\/comm.radio-panisches-sachsen.de\/wp-login.php\" method=\"post\"><p class=\"login-username\">\n\t\t\t\t<label for=\"user_login\">Benutzername oder E-Mail-Adresse<\/label>\n\t\t\t\t<input type=\"text\" name=\"log\" id=\"user_login\" autocomplete=\"username\" class=\"input\" value=\"\" size=\"20\" \/>\n\t\t\t<\/p><p class=\"login-password\">\n\t\t\t\t<label for=\"user_pass\">Passwort<\/label>\n\t\t\t\t<input type=\"password\" name=\"pwd\" id=\"user_pass\" autocomplete=\"current-password\" spellcheck=\"false\" class=\"input\" value=\"\" size=\"20\" \/>\n\t\t\t<\/p><p class=\"login-remember\"><label><input name=\"rememberme\" type=\"checkbox\" id=\"rememberme\" value=\"forever\" \/> Angemeldet bleiben<\/label><\/p><p class=\"login-submit\">\n\t\t\t\t<input type=\"submit\" name=\"wp-submit\" id=\"wp-submit\" class=\"button button-primary\" value=\"Anmelden\" \/>\n\t\t\t\t<input type=\"hidden\" name=\"redirect_to\" value=\"\/index.php?rest_route=%2Fwp%2Fv2%2Fpages%2F69\" \/>\n\t\t\t<\/p><\/form>            <\/div>\n            \n","protected":false},"excerpt":{"rendered":"<p>Hallo zusammen!\u00a0\ud83d\ude0a Wir freuen uns, euch zu unserem n\u00e4chsten Community-Chat einzuladen! Dies ist eine gro\u00dfartige Gelegenheit, um miteinander zu plaudern, Ideen auszutauschen und neue Freundschaften zu schlie\u00dfen.Egal, ob ihr Fragen habt, eure Gedanken teilen m\u00f6chtet oder einfach nur Spa\u00df haben wollt \u2013 jeder ist herzlich willkommen! Bringt eure Ideen und gute Laune mit! Wir freuen&#8230;<\/p>\n<p class=\"more-link-wrap\"><a href=\"https:\/\/comm.radio-panisches-sachsen.de\/?page_id=69\" class=\"more-link\">Mehr lesen<span class=\"screen-reader-text\"> &ldquo;Chat&rdquo;<\/span> &raquo;<\/a><\/p>\n","protected":false},"author":1,"featured_media":0,"parent":0,"menu_order":0,"comment_status":"closed","ping_status":"closed","template":"","meta":{"_bbp_topic_count":0,"_bbp_reply_count":0,"_bbp_total_topic_count":0,"_bbp_total_reply_count":0,"_bbp_voice_count":0,"_bbp_anonymous_reply_count":0,"_bbp_topic_count_hidden":0,"_bbp_reply_count_hidden":0,"_bbp_forum_subforum_count":0,"footnotes":""},"class_list":["post-69","page","type-page","status-publish","hentry"],"_links":{"self":[{"href":"https:\/\/comm.radio-panisches-sachsen.de\/index.php?rest_route=\/wp\/v2\/pages\/69","targetHints":{"allow":["GET"]}}],"collection":[{"href":"https:\/\/comm.radio-panisches-sachsen.de\/index.php?rest_route=\/wp\/v2\/pages"}],"about":[{"href":"https:\/\/comm.radio-panisches-sachsen.de\/index.php?rest_route=\/wp\/v2\/types\/page"}],"author":[{"embeddable":true,"href":"https:\/\/comm.radio-panisches-sachsen.de\/index.php?rest_route=\/wp\/v2\/users\/1"}],"replies":[{"embeddable":true,"href":"https:\/\/comm.radio-panisches-sachsen.de\/index.php?rest_route=%2Fwp%2Fv2%2Fcomments&post=69"}],"version-history":[{"count":17,"href":"https:\/\/comm.radio-panisches-sachsen.de\/index.php?rest_route=\/wp\/v2\/pages\/69\/revisions"}],"predecessor-version":[{"id":809,"href":"https:\/\/comm.radio-panisches-sachsen.de\/index.php?rest_route=\/wp\/v2\/pages\/69\/revisions\/809"}],"wp:attachment":[{"href":"https:\/\/comm.radio-panisches-sachsen.de\/index.php?rest_route=%2Fwp%2Fv2%2Fmedia&parent=69"}],"curies":[{"name":"wp","href":"https:\/\/api.w.org\/{rel}","templated":true}]}}